{"id":4667,"date":"2020-06-03T11:29:19","date_gmt":"2020-06-03T11:29:19","guid":{"rendered":"https:\/\/demo.pro.radio\/wp1\/blog-elementor\/"},"modified":"2023-02-08T14:54:02","modified_gmt":"2023-02-08T12:54:02","slug":"blog-elementor","status":"publish","type":"page","link":"https:\/\/evenimentfm.ro\/index.php\/blog-elementor\/","title":{"rendered":"STIRILE"},"content":{"rendered":"\t\t<div data-elementor-type=\"wp-page\" data-elementor-id=\"4667\" class=\"elementor elementor-4667\">\n\t\t\t\t\t\t<div class=\"elementor-inner\">\n\t\t\t\t<div class=\"elementor-section-wrap\">\n\t\t\t\t\t\t\t\t\t<section class=\"elementor-section elementor-top-section elementor-element elementor-element-54bdd3d elementor-section-boxed elementor-section-height-default elementor-section-height-default\" data-id=\"54bdd3d\" data-element_type=\"section\" data-settings=\"{&quot;background_background&quot;:&quot;classic&quot;}\">\n\t\t\t\t\t\t<div class=\"elementor-container elementor-column-gap-default\">\n\t\t\t\t\t\t\t<div class=\"elementor-row\">\n\t\t\t\t\t<div class=\"elementor-column elementor-col-100 elementor-top-column elementor-element elementor-element-e2490cd\" data-id=\"e2490cd\" data-element_type=\"column\">\n\t\t\t<div class=\"elementor-column-wrap elementor-element-populated\">\n\t\t\t\t\t\t\t<div class=\"elementor-widget-wrap\">\n\t\t\t\t\t\t<div class=\"elementor-element elementor-element-98c4545 elementor-widget elementor-widget-proradio-elementor-post-slider\" data-id=\"98c4545\" data-element_type=\"widget\" data-widget_type=\"proradio-elementor-post-slider.default\">\n\t\t\t\t<div class=\"elementor-widget-container\">\n\t\t\t\n\t\t\t<div id=\"gridqt-post-carousel-466769f3b7f7dc079\" class=\"proradio-slider proradio-slider-owl\">\n\t\t\t\t<div id=\"qt-post-carousel-466769f3b7f7dc079\" class=\"proradio-owl-carousel owl-carousel owl-theme proradio-owl-theme\" data-items=\"1\"data-items_tablet=\"1\" data-items_mobile=\"1\" data-items_mobile_hori=\"1\" data-gap=\"0\" data-pause_on_hover=\"true\" data-loop=\"true\" data-center=\"true\" data-stage_padding=\"0\" data-nav=\"true\" data-dots=\"true\" data-autoplay_timeout=\"6000\" data-amount=\"2\">\n\t\t\t\t\t\t\t\t\t\t\t<div class=\"proradio-item\">\n\t\t\t\t\t\t\t<div class=\"proradio-itemcontainer\">\n\t\t\t\t\t\t\t\t<article id=\"proradio-slider-post-99\" class=\"proradio-post proradio-slider__item proradio-negative\">\n\t<div class=\"proradio-slider__img proradio-bgimg proradio-bgimg--full proradio-duotone\">\n\t\t<img width=\"1300\" height=\"865\" src=\"https:\/\/evenimentfm.ro\/wp-content\/uploads\/2020\/04\/hipster-dj-lady-wearing-bright-clothes-hold-retro-tape-boom-box-party-time-music-lover-fan-concept.jpg\" class=\"proradio-slider__i wp-post-image\" alt=\"Toate stirile sunt pe www.evenimentsibiu.ro\" loading=\"lazy\" \/>\t<\/div>\n\t<div class=\"proradio-slider__c proradio-slider__c--post\">\n\t\t<a class=\"proradio-post__header__link\" href=\"https:\/\/evenimentfm.ro\/index.php\/2020\/04\/04\/evenimentsibiu-ro\/\"><\/a>\n\t\t<div class=\"proradio-container\">\n\t\t\t<p class=\"proradio-cats\">\n\t\t\t\t<a href=\"https:\/\/evenimentfm.ro\/index.php\/category\/stirile\/\" class=\"proradio-catid-7\">STIRILE<\/a>\t\t\t<\/p>\n\t\t\t<h3 class=\"proradio-post__title proradio-cutme-t-3 proradio-h1\" ><a href=\"https:\/\/evenimentfm.ro\/index.php\/2020\/04\/04\/evenimentsibiu-ro\/\">Toate stirile sunt pe www.evenimentsibiu.ro<\/a><\/h3>\n\t\t\t<div class=\"proradio-slider__exc\">\n\t\t\t\t<p class=\"proradio-cutme-t-3\">\n\t\t\t\t\tCel mai actualizat site de stiri din Sibiu www.evenimentsibiu.ro\t\t\t\t<\/p>\n\t\t\t<\/div>\n\t\t<\/div>\n\t\t\t<\/div>\n\t\t\n<\/article>\n\t\t\t\t\t\t\t<\/div>\n\t\t\t\t\t\t<\/div>\n\t\t\t\t\t\t\t\t\t\t\t\t<div class=\"proradio-item\">\n\t\t\t\t\t\t\t<div class=\"proradio-itemcontainer\">\n\t\t\t\t\t\t\t\t<article id=\"proradio-slider-post-361\" class=\"proradio-post proradio-slider__item proradio-negative\">\n\t<div class=\"proradio-slider__img proradio-bgimg proradio-bgimg--full proradio-duotone\">\n\t\t<img width=\"1440\" height=\"810\" src=\"https:\/\/evenimentfm.ro\/wp-content\/uploads\/2018\/03\/nshow-1.jpg\" class=\"proradio-slider__i wp-post-image\" alt=\"Noi suntem! Radio la maxim!\" loading=\"lazy\" \/>\t<\/div>\n\t<div class=\"proradio-slider__c proradio-slider__c--post\">\n\t\t<a class=\"proradio-post__header__link\" href=\"https:\/\/evenimentfm.ro\/index.php\/2020\/01\/01\/asculta-noi-suntem-radio-la-maxim\/\"><\/a>\n\t\t<div class=\"proradio-container\">\n\t\t\t<p class=\"proradio-cats\">\n\t\t\t\t<a href=\"https:\/\/evenimentfm.ro\/index.php\/category\/despre-noi\/\" class=\"proradio-catid-1\">DESPRE NOI<\/a>\t\t\t<\/p>\n\t\t\t<h3 class=\"proradio-post__title proradio-cutme-t-3 proradio-h1\" ><a href=\"https:\/\/evenimentfm.ro\/index.php\/2020\/01\/01\/asculta-noi-suntem-radio-la-maxim\/\">Noi suntem! Radio la maxim!<\/a><\/h3>\n\t\t\t<div class=\"proradio-slider__exc\">\n\t\t\t\t<p class=\"proradio-cutme-t-3\">\n\t\t\t\t\tEVENIMENT FM emite pe frecven\u0163a 103,2 MHz FM in Sibiu, pe 88,5 Mhz FM in Agnita, pe 96,9 Mhz FM in Rm. Valcea si Pitesti, acoperind in totalitate jude\u0163ul Sibiu, Valcea, Arges si zone importante din jude\u0163ele limitrofe, un program propriu 24 de ore din 24 fiind astfel unicul post de radio local din Sibiu, Rm. Valcea si Pitesti.Prin programele realizate ne adres\u0103m unui public \u0163int\u0103 cu v\u00e2rsta cuprins\u0103 \u00eentre [&hellip;]\t\t\t\t<\/p>\n\t\t\t<\/div>\n\t\t<\/div>\n\t\t\t<\/div>\n\t\t\n<\/article>\n\t\t\t\t\t\t\t<\/div>\n\t\t\t\t\t\t<\/div>\n\t\t\t\t\t\t\t\t\t\t<\/div>\n\t\t\t<\/div>\n\t\t\t\t\t<\/div>\n\t\t\t\t<\/div>\n\t\t\t\t\t\t<\/div>\n\t\t\t\t\t<\/div>\n\t\t<\/div>\n\t\t\t\t\t\t\t\t<\/div>\n\t\t\t\t\t<\/div>\n\t\t<\/section>\n\t\t\t\t<section class=\"elementor-section elementor-top-section elementor-element elementor-element-233e371 elementor-section-boxed elementor-section-height-default elementor-section-height-default\" data-id=\"233e371\" data-element_type=\"section\" data-settings=\"{&quot;background_background&quot;:&quot;classic&quot;}\">\n\t\t\t\t\t\t<div class=\"elementor-container elementor-column-gap-default\">\n\t\t\t\t\t\t\t<div class=\"elementor-row\">\n\t\t\t\t\t<div class=\"elementor-column elementor-col-100 elementor-top-column elementor-element elementor-element-c0d986b\" data-id=\"c0d986b\" data-element_type=\"column\">\n\t\t\t<div class=\"elementor-column-wrap elementor-element-populated\">\n\t\t\t\t\t\t\t<div class=\"elementor-widget-wrap\">\n\t\t\t\t\t\t<div class=\"elementor-element elementor-element-104cede elementor-widget elementor-widget-proradio-elementor-category-grid\" data-id=\"104cede\" data-element_type=\"widget\" data-widget_type=\"proradio-elementor-category-grid.default\">\n\t\t\t\t<div class=\"elementor-widget-container\">\n\t\t\t\n\t\t<div id=\"gridqt-category-grid-361\" class=\"proradio-container proradio-template-category-grid\">\n\t\t\t<div class=\"proradio-row\">\n\t\t\t\t\n\t\t\t\t\t\t<div class=\"proradio-col proradio-s12 proradio-m4 proradio-l4 proradio-catid-1\">\n\t\t\t\t\t\t\t<a class=\"proradio-cat-card proradio-negative\" href=\"https:\/\/evenimentfm.ro\/index.php\/category\/despre-noi\/\">\n\t\t\t\t\t\t\t\t<img src=\"https:\/\/evenimentfm.ro\/wp-content\/uploads\/2020\/04\/cybersport-gamers-having-live-stream.jpg\" width=\"370\" height=\"231\" alt=\"DESPRE NOI\" \/>\t\t\t\t\t\t\t\t<h6 class=\"proradio-caption__s\">DESPRE NOI<\/h6>\n\t\t\t\t\t\t\t<\/a>\n\t\t\t\t\t\t<\/div>\n\n\t\t\t\t\t\t\n\t\t\t\t\t\t<div class=\"proradio-col proradio-s12 proradio-m4 proradio-l4 proradio-catid-4\">\n\t\t\t\t\t\t\t<a class=\"proradio-cat-card proradio-negative\" href=\"https:\/\/evenimentfm.ro\/index.php\/category\/soft-news\/\">\n\t\t\t\t\t\t\t\t<img src=\"https:\/\/evenimentfm.ro\/wp-content\/uploads\/2020\/06\/pr-team-05.jpg\" width=\"370\" height=\"208\" alt=\"SOFT NEWS\" \/>\t\t\t\t\t\t\t\t<h6 class=\"proradio-caption__s\">SOFT NEWS<\/h6>\n\t\t\t\t\t\t\t<\/a>\n\t\t\t\t\t\t<\/div>\n\n\t\t\t\t\t\t\n\t\t\t\t\t\t<div class=\"proradio-col proradio-s12 proradio-m4 proradio-l4 proradio-catid-5\">\n\t\t\t\t\t\t\t<a class=\"proradio-cat-card proradio-negative\" href=\"https:\/\/evenimentfm.ro\/index.php\/category\/music-news\/\">\n\t\t\t\t\t\t\t\t<img src=\"https:\/\/evenimentfm.ro\/wp-content\/uploads\/2020\/06\/pr-event-14.jpg\" width=\"370\" height=\"208\" alt=\"MUSIC NEWS\" \/>\t\t\t\t\t\t\t\t<h6 class=\"proradio-caption__s\">MUSIC NEWS<\/h6>\n\t\t\t\t\t\t\t<\/a>\n\t\t\t\t\t\t<\/div>\n\n\t\t\t\t\t\t\n\t\t\t\t\t\t<div class=\"proradio-col proradio-s12 proradio-m4 proradio-l4 proradio-catid-7\">\n\t\t\t\t\t\t\t<a class=\"proradio-cat-card proradio-negative\" href=\"https:\/\/evenimentfm.ro\/index.php\/category\/stirile\/\">\n\t\t\t\t\t\t\t\t<img src=\"https:\/\/evenimentfm.ro\/wp-content\/uploads\/2020\/06\/pr-cats-news.jpg\" width=\"370\" height=\"208\" alt=\"STIRILE\" \/>\t\t\t\t\t\t\t\t<h6 class=\"proradio-caption__s\">STIRILE<\/h6>\n\t\t\t\t\t\t\t<\/a>\n\t\t\t\t\t\t<\/div>\n\n\t\t\t\t\t\t\n\t\t\t\t\t\t<div class=\"proradio-col proradio-s12 proradio-m4 proradio-l4 proradio-catid-13\">\n\t\t\t\t\t\t\t<a class=\"proradio-cat-card proradio-negative\" href=\"https:\/\/evenimentfm.ro\/index.php\/category\/video-we-love\/\">\n\t\t\t\t\t\t\t\t<img src=\"https:\/\/evenimentfm.ro\/wp-content\/uploads\/2020\/06\/pr-cats-video.jpg\" width=\"370\" height=\"208\" alt=\"VIDEO WE LOVE\" \/>\t\t\t\t\t\t\t\t<h6 class=\"proradio-caption__s\">VIDEO WE LOVE<\/h6>\n\t\t\t\t\t\t\t<\/a>\n\t\t\t\t\t\t<\/div>\n\n\t\t\t\t\t\t\n\t\t\t\t\t\t<div class=\"proradio-col proradio-s12 proradio-m4 proradio-l4 proradio-catid-14\">\n\t\t\t\t\t\t\t<a class=\"proradio-cat-card proradio-negative\" href=\"https:\/\/evenimentfm.ro\/index.php\/category\/media\/\">\n\t\t\t\t\t\t\t\t<img src=\"https:\/\/evenimentfm.ro\/wp-content\/uploads\/2020\/06\/pr-post-8.jpg\" width=\"370\" height=\"272\" alt=\"MEDIA\" \/>\t\t\t\t\t\t\t\t<h6 class=\"proradio-caption__s\">MEDIA<\/h6>\n\t\t\t\t\t\t\t<\/a>\n\t\t\t\t\t\t<\/div>\n\n\t\t\t\t\t\t\t\t\t<\/div>\n\t\t<\/div>\n\t\t\t\t<\/div>\n\t\t\t\t<\/div>\n\t\t\t\t\t\t<\/div>\n\t\t\t\t\t<\/div>\n\t\t<\/div>\n\t\t\t\t\t\t\t\t<\/div>\n\t\t\t\t\t<\/div>\n\t\t<\/section>\n\t\t\t\t<section class=\"elementor-section elementor-top-section elementor-element elementor-element-020cd54 elementor-section-boxed elementor-section-height-default elementor-section-height-default\" data-id=\"020cd54\" data-element_type=\"section\" data-settings=\"{&quot;shape_divider_bottom&quot;:&quot;wave-brush&quot;}\">\n\t\t\t\t\t<div class=\"elementor-shape elementor-shape-bottom\" data-negative=\"false\">\n\t\t\t<svg xmlns=\"http:\/\/www.w3.org\/2000\/svg\" viewBox=\"0 0 283.5 27.8\" preserveAspectRatio=\"none\">\n\t<path class=\"elementor-shape-fill\" d=\"M283.5,9.7c0,0-7.3,4.3-14,4.6c-6.8,0.3-12.6,0-20.9-1.5c-11.3-2-33.1-10.1-44.7-5.7\ts-12.1,4.6-18,7.4c-6.6,3.2-20,9.6-36.6,9.3C131.6,23.5,99.5,7.2,86.3,8c-1.4,0.1-6.6,0.8-10.5,2c-3.8,1.2-9.4,3.8-17,4.7\tc-3.2,0.4-8.3,1.1-14.2,0.9c-1.5-0.1-6.3-0.4-12-1.6c-5.7-1.2-11-3.1-15.8-3.7C6.5,9.2,0,10.8,0,10.8V0h283.5V9.7z M260.8,11.3\tc-0.7-1-2-0.4-4.3-0.4c-2.3,0-6.1-1.2-5.8-1.1c0.3,0.1,3.1,1.5,6,1.9C259.7,12.2,261.4,12.3,260.8,11.3z M242.4,8.6\tc0,0-2.4-0.2-5.6-0.9c-3.2-0.8-10.3-2.8-15.1-3.5c-8.2-1.1-15.8,0-15.1,0.1c0.8,0.1,9.6-0.6,17.6,1.1c3.3,0.7,9.3,2.2,12.4,2.7\tC239.9,8.7,242.4,8.6,242.4,8.6z M185.2,8.5c1.7-0.7-13.3,4.7-18.5,6.1c-2.1,0.6-6.2,1.6-10,2c-3.9,0.4-8.9,0.4-8.8,0.5\tc0,0.2,5.8,0.8,11.2,0c5.4-0.8,5.2-1.1,7.6-1.6C170.5,14.7,183.5,9.2,185.2,8.5z M199.1,6.9c0.2,0-0.8-0.4-4.8,1.1\tc-4,1.5-6.7,3.5-6.9,3.7c-0.2,0.1,3.5-1.8,6.6-3C197,7.5,199,6.9,199.1,6.9z M283,6c-0.1,0.1-1.9,1.1-4.8,2.5s-6.9,2.8-6.7,2.7\tc0.2,0,3.5-0.6,7.4-2.5C282.8,6.8,283.1,5.9,283,6z M31.3,11.6c0.1-0.2-1.9-0.2-4.5-1.2s-5.4-1.6-7.8-2C15,7.6,7.3,8.5,7.7,8.6\tC8,8.7,15.9,8.3,20.2,9.3c2.2,0.5,2.4,0.5,5.7,1.6S31.2,11.9,31.3,11.6z M73,9.2c0.4-0.1,3.5-1.6,8.4-2.6c4.9-1.1,8.9-0.5,8.9-0.8\tc0-0.3-1-0.9-6.2-0.3S72.6,9.3,73,9.2z M71.6,6.7C71.8,6.8,75,5.4,77.3,5c2.3-0.3,1.9-0.5,1.9-0.6c0-0.1-1.1-0.2-2.7,0.2\tC74.8,5.1,71.4,6.6,71.6,6.7z M93.6,4.4c0.1,0.2,3.5,0.8,5.6,1.8c2.1,1,1.8,0.6,1.9,0.5c0.1-0.1-0.8-0.8-2.4-1.3\tC97.1,4.8,93.5,4.2,93.6,4.4z M65.4,11.1c-0.1,0.3,0.3,0.5,1.9-0.2s2.6-1.3,2.2-1.2s-0.9,0.4-2.5,0.8C65.3,10.9,65.5,10.8,65.4,11.1\tz M34.5,12.4c-0.2,0,2.1,0.8,3.3,0.9c1.2,0.1,2,0.1,2-0.2c0-0.3-0.1-0.5-1.6-0.4C36.6,12.8,34.7,12.4,34.5,12.4z M152.2,21.1\tc-0.1,0.1-2.4-0.3-7.5-0.3c-5,0-13.6-2.4-17.2-3.5c-3.6-1.1,10,3.9,16.5,4.1C150.5,21.6,152.3,21,152.2,21.1z\"\/>\n\t<path class=\"elementor-shape-fill\" d=\"M269.6,18c-0.1-0.1-4.6,0.3-7.2,0c-7.3-0.7-17-3.2-16.6-2.9c0.4,0.3,13.7,3.1,17,3.3\tC267.7,18.8,269.7,18,269.6,18z\"\/>\n\t<path class=\"elementor-shape-fill\" d=\"M227.4,9.8c-0.2-0.1-4.5-1-9.5-1.2c-5-0.2-12.7,0.6-12.3,0.5c0.3-0.1,5.9-1.8,13.3-1.2\tS227.6,9.9,227.4,9.8z\"\/>\n\t<path class=\"elementor-shape-fill\" d=\"M204.5,13.4c-0.1-0.1,2-1,3.2-1.1c1.2-0.1,2,0,2,0.3c0,0.3-0.1,0.5-1.6,0.4\tC206.4,12.9,204.6,13.5,204.5,13.4z\"\/>\n\t<path class=\"elementor-shape-fill\" d=\"M201,10.6c0-0.1-4.4,1.2-6.3,2.2c-1.9,0.9-6.2,3.1-6.1,3.1c0.1,0.1,4.2-1.6,6.3-2.6\tS201,10.7,201,10.6z\"\/>\n\t<path class=\"elementor-shape-fill\" d=\"M154.5,26.7c-0.1-0.1-4.6,0.3-7.2,0c-7.3-0.7-17-3.2-16.6-2.9c0.4,0.3,13.7,3.1,17,3.3\tC152.6,27.5,154.6,26.8,154.5,26.7z\"\/>\n\t<path class=\"elementor-shape-fill\" d=\"M41.9,19.3c0,0,1.2-0.3,2.9-0.1c1.7,0.2,5.8,0.9,8.2,0.7c4.2-0.4,7.4-2.7,7-2.6\tc-0.4,0-4.3,2.2-8.6,1.9c-1.8-0.1-5.1-0.5-6.7-0.4S41.9,19.3,41.9,19.3z\"\/>\n\t<path class=\"elementor-shape-fill\" d=\"M75.5,12.6c0.2,0.1,2-0.8,4.3-1.1c2.3-0.2,2.1-0.3,2.1-0.5c0-0.1-1.8-0.4-3.4,0\tC76.9,11.5,75.3,12.5,75.5,12.6z\"\/>\n\t<path class=\"elementor-shape-fill\" d=\"M15.6,13.2c0-0.1,4.3,0,6.7,0.5c2.4,0.5,5,1.9,5,2c0,0.1-2.7-0.8-5.1-1.4\tC19.9,13.7,15.7,13.3,15.6,13.2z\"\/>\n<\/svg>\t\t<\/div>\n\t\t\t\t\t<div class=\"elementor-container elementor-column-gap-default\">\n\t\t\t\t\t\t\t<div class=\"elementor-row\">\n\t\t\t\t\t<div class=\"elementor-column elementor-col-100 elementor-top-column elementor-element elementor-element-0581de0\" data-id=\"0581de0\" data-element_type=\"column\">\n\t\t\t<div class=\"elementor-column-wrap elementor-element-populated\">\n\t\t\t\t\t\t\t<div class=\"elementor-widget-wrap\">\n\t\t\t\t\t\t\t\t<\/div>\n\t\t\t\t\t<\/div>\n\t\t<\/div>\n\t\t\t\t\t\t\t\t<\/div>\n\t\t\t\t\t<\/div>\n\t\t<\/section>\n\t\t\t\t<section class=\"elementor-section elementor-top-section elementor-element elementor-element-07a135a elementor-section-stretched elementor-section-full_width elementor-section-height-default elementor-section-height-default\" data-id=\"07a135a\" data-element_type=\"section\" data-settings=\"{&quot;stretch_section&quot;:&quot;section-stretched&quot;,&quot;background_background&quot;:&quot;classic&quot;}\">\n\t\t\t\t\t\t<div class=\"elementor-container elementor-column-gap-default\">\n\t\t\t\t\t\t\t<div class=\"elementor-row\">\n\t\t\t\t\t<div class=\"elementor-column elementor-col-100 elementor-top-column elementor-element elementor-element-3b75f8c\" data-id=\"3b75f8c\" data-element_type=\"column\">\n\t\t\t<div class=\"elementor-column-wrap elementor-element-populated\">\n\t\t\t\t\t\t\t<div class=\"elementor-widget-wrap\">\n\t\t\t\t\t\t<div class=\"elementor-element elementor-element-4ec7cee elementor-widget elementor-widget-proradio-elementor-sponsors\" data-id=\"4ec7cee\" data-element_type=\"widget\" data-widget_type=\"proradio-elementor-sponsors.default\">\n\t\t\t\t<div class=\"elementor-widget-container\">\n\t\t\t\t\t\t<div id=\"gridqt-post-carousel-36169f3b7f7e1792\" class=\"proradio-owl-sponsorcarousel \">\n\t\t\t\t\t<div id=\"qt-post-carousel-36169f3b7f7e1792\" class=\"proradio-owl-carousel owl-carousel owl-theme proradio-owl-theme\" \n\t\t\t\t\tdata-items=\"6\"\n\t\t\t\t\tdata-items_tablet=\"2\"\n\t\t\t\t\tdata-items_mobile=\"2\"\n\t\t\t\t\tdata-items_mobile_hori=\"2\"\n\t\t\t\t\tdata-gap=\"15\"\n\t\t\t\t\tdata-pause_on_hover=\"\"\n\t\t\t\t\tdata-loop=\"\" \n\t\t\t\t\tdata-center=\"\" \n\t\t\t\t\tdata-stage_padding=\"0\"\n\t\t\t\t\tdata-nav=\"true\"\n\t\t\t\t\tdata-dots=\"true\" \n\t\t\t\t\tdata-autoplay_timeout=\"4000\" \n\t\t\t\t\tdata-amount=\"4\">\n\t\t\t\t\t\t\t\t\t\t\t\t\t\t<div class=\"proradio-item\">\n\t\t\t\t\t\t\t\t\t<div class=\"proradio-itemcontainer\">\n\t\t\t\t\t\t\t\t\t\t<a href=\"\" target=\"_blank\" rel=\"nofollow\" class=\"qt-sponsor\" >\n\t\t\t\t\t\t\t\t\t\t\t <img width=\"1383\" height=\"1128\" src=\"https:\/\/evenimentfm.ro\/wp-content\/uploads\/2018\/03\/logo-Eveniment-TV-REGIONAL.png\" class=\"attachment-proradio-medium size-proradio-medium wp-post-image\" alt=\"EVENIMENT TV\" title=\"EVENIMENT TV\" loading=\"lazy\" srcset=\"https:\/\/evenimentfm.ro\/wp-content\/uploads\/2018\/03\/logo-Eveniment-TV-REGIONAL.png 1383w, https:\/\/evenimentfm.ro\/wp-content\/uploads\/2018\/03\/logo-Eveniment-TV-REGIONAL-770x628.png 770w, https:\/\/evenimentfm.ro\/wp-content\/uploads\/2018\/03\/logo-Eveniment-TV-REGIONAL-1170x954.png 1170w, https:\/\/evenimentfm.ro\/wp-content\/uploads\/2018\/03\/logo-Eveniment-TV-REGIONAL-768x626.png 768w\" sizes=\"(max-width: 1383px) 100vw, 1383px\" \/>\t\t\t\t\t\t\t\t\t\t<\/a>\n\t\t\t\t\t\t\t\t\t<\/div>\n\t\t\t\t\t\t\t\t<\/div>\n\t\t\t\t\t\t\t\t\t\t\t\t\t\t\t\t<div class=\"proradio-item\">\n\t\t\t\t\t\t\t\t\t<div class=\"proradio-itemcontainer\">\n\t\t\t\t\t\t\t\t\t\t<a href=\"https:\/\/sweetfm.ro\" target=\"_blank\" rel=\"nofollow\" class=\"qt-sponsor\" >\n\t\t\t\t\t\t\t\t\t\t\t <img width=\"618\" height=\"290\" src=\"https:\/\/evenimentfm.ro\/wp-content\/uploads\/2017\/01\/sweetfm.png\" class=\"attachment-proradio-medium size-proradio-medium wp-post-image\" alt=\"SWEET FM\" title=\"SWEET FM\" loading=\"lazy\" \/>\t\t\t\t\t\t\t\t\t\t<\/a>\n\t\t\t\t\t\t\t\t\t<\/div>\n\t\t\t\t\t\t\t\t<\/div>\n\t\t\t\t\t\t\t\t\t\t\t\t\t\t\t\t<div class=\"proradio-item\">\n\t\t\t\t\t\t\t\t\t<div class=\"proradio-itemcontainer\">\n\t\t\t\t\t\t\t\t\t\t<a href=\"https:\/\/www.facebook.com\/profile.php?id=100070842939730\" target=\"_blank\" rel=\"nofollow\" class=\"qt-sponsor\" >\n\t\t\t\t\t\t\t\t\t\t\t <img width=\"3543\" height=\"2362\" src=\"https:\/\/evenimentfm.ro\/wp-content\/uploads\/2017\/01\/LOGO-ASOCIATIE-.png\" class=\"attachment-proradio-medium size-proradio-medium wp-post-image\" alt=\"ASOCIATIA EVENIMENTUL SIBIAN\" title=\"ASOCIATIA EVENIMENTUL SIBIAN\" loading=\"lazy\" srcset=\"https:\/\/evenimentfm.ro\/wp-content\/uploads\/2017\/01\/LOGO-ASOCIATIE-.png 3543w, https:\/\/evenimentfm.ro\/wp-content\/uploads\/2017\/01\/LOGO-ASOCIATIE--770x513.png 770w, https:\/\/evenimentfm.ro\/wp-content\/uploads\/2017\/01\/LOGO-ASOCIATIE--1170x780.png 1170w, https:\/\/evenimentfm.ro\/wp-content\/uploads\/2017\/01\/LOGO-ASOCIATIE--768x512.png 768w, https:\/\/evenimentfm.ro\/wp-content\/uploads\/2017\/01\/LOGO-ASOCIATIE--1536x1024.png 1536w, https:\/\/evenimentfm.ro\/wp-content\/uploads\/2017\/01\/LOGO-ASOCIATIE--2048x1365.png 2048w\" sizes=\"(max-width: 3543px) 100vw, 3543px\" \/>\t\t\t\t\t\t\t\t\t\t<\/a>\n\t\t\t\t\t\t\t\t\t<\/div>\n\t\t\t\t\t\t\t\t<\/div>\n\t\t\t\t\t\t\t\t\t\t\t\t\t\t\t\t<div class=\"proradio-item\">\n\t\t\t\t\t\t\t\t\t<div class=\"proradio-itemcontainer\">\n\t\t\t\t\t\t\t\t\t\t<a href=\"\" target=\"_blank\" rel=\"nofollow\" class=\"qt-sponsor\" >\n\t\t\t\t\t\t\t\t\t\t\t <img width=\"618\" height=\"290\" src=\"https:\/\/evenimentfm.ro\/wp-content\/uploads\/2017\/01\/logo-SWEET-TV.png\" class=\"attachment-proradio-medium size-proradio-medium wp-post-image\" alt=\"SWEET TV\" title=\"SWEET TV\" loading=\"lazy\" \/>\t\t\t\t\t\t\t\t\t\t<\/a>\n\t\t\t\t\t\t\t\t\t<\/div>\n\t\t\t\t\t\t\t\t<\/div>\n\t\t\t\t\t\t\t\t            \n\t\t\t\t\t<\/div>\n\t\t\t\t<\/div>\n\t\t\t\t\t<\/div>\n\t\t\t\t<\/div>\n\t\t\t\t\t\t<\/div>\n\t\t\t\t\t<\/div>\n\t\t<\/div>\n\t\t\t\t\t\t\t\t<\/div>\n\t\t\t\t\t<\/div>\n\t\t<\/section>\n\t\t\t\t\t\t\t\t\t<\/div>\n\t\t\t<\/div>\n\t\t\t\t\t<\/div>\n\t\t","protected":false},"excerpt":{"rendered":"<p>STIRILE Toate stirile sunt pe www.evenimentsibiu.ro Cel mai actualizat site de stiri din Sibiu www.evenimentsibiu.ro DESPRE NOI Noi suntem! Radio la maxim! EVENIMENT FM emite pe frecven\u0163a 103,2 MHz FM in Sibiu, pe 88,5 Mhz FM in Agnita, pe 96,9 Mhz FM in Rm. Valcea si Pitesti, acoperind in totalitate ...<\/p>\n","protected":false},"author":2,"featured_media":4676,"parent":0,"menu_order":0,"comment_status":"closed","ping_status":"closed","template":"page-visualcomposer.php","meta":[],"_links":{"self":[{"href":"https:\/\/evenimentfm.ro\/index.php\/wp-json\/wp\/v2\/pages\/4667"}],"collection":[{"href":"https:\/\/evenimentfm.ro\/index.php\/wp-json\/wp\/v2\/pages"}],"about":[{"href":"https:\/\/evenimentfm.ro\/index.php\/wp-json\/wp\/v2\/types\/page"}],"author":[{"embeddable":true,"href":"https:\/\/evenimentfm.ro\/index.php\/wp-json\/wp\/v2\/users\/2"}],"replies":[{"embeddable":true,"href":"https:\/\/evenimentfm.ro\/index.php\/wp-json\/wp\/v2\/comments?post=4667"}],"version-history":[{"count":28,"href":"https:\/\/evenimentfm.ro\/index.php\/wp-json\/wp\/v2\/pages\/4667\/revisions"}],"predecessor-version":[{"id":6382,"href":"https:\/\/evenimentfm.ro\/index.php\/wp-json\/wp\/v2\/pages\/4667\/revisions\/6382"}],"wp:featuredmedia":[{"embeddable":true,"href":"https:\/\/evenimentfm.ro\/index.php\/wp-json\/wp\/v2\/media\/4676"}],"wp:attachment":[{"href":"https:\/\/evenimentfm.ro\/index.php\/wp-json\/wp\/v2\/media?parent=4667"}],"curies":[{"name":"wp","href":"https:\/\/api.w.org\/{rel}","templated":true}]}}